{"id":1433,"date":"2023-09-14T00:38:48","date_gmt":"2023-09-13T22:38:48","guid":{"rendered":"https:\/\/www.ta-roloff.com\/?page_id=1433"},"modified":"2024-11-12T19:31:35","modified_gmt":"2024-11-12T18:31:35","slug":"cookies","status":"publish","type":"page","link":"https:\/\/www.ta-roloff.com\/en\/cookies\/","title":{"rendered":"Cookies"},"content":{"rendered":"<p>If you have any questions or comments about our cookie policy and this statement, please contact the responsible authority in accordance with Article 4 Paragraph 7 of the EU General Data Protection Regulation (GDPR) using the contact details in our <a href=\"\/en\/impressum\/\">imprint<\/a>.<\/p>\n\t\t\t\t\t\n\t\t\t\t\t<p><em>This Cookie Policy applies to citizens and permanent residents of the European Economic Area and Switzerland. To ensure up-to-date functionality, this Cookie Policy has been synchronized with the Cookie Database <a href=\"https:\/\/cookiedatabase.org\/\">cookiedatabase.org<\/a> compared.<\/em><\/p>\n\t\t\t\t\t\n\t\t\t\t\t<p>Our website uses cookies and similar technologies (for convenience, these are all referred to as \u201ccookies\u201d). Cookies are also placed by third parties commissioned by us. In the document below we inform you about the use of cookies on our website.<\/p>\n\t\t\t\t\t<p class=\"enym-abstract\"><strong>Summary: We don&#039;t like cookies and, just like you, we don&#039;t like cookie banners either. That&#039;s why we&#039;re constantly working on making our website as cookie-free as possible. With the exception of the firewall, login and shopping cart functions, we&#039;ve largely implemented this. In some cases, our tracking, which is already anonymized, also works completely without the use of cookies.<\/strong><\/p>\n\n\t\t\t\t\t<h2 class=\"wp-block-heading\">scripts<\/h2>\n\t\t\t\t\t<p>A script is a piece of code that makes our website work properly and interactively. This code runs on our server or on your device. Scripts may need to set cookies to function properly.<\/p>\n\n\t\t\t\t\t<h2 class=\"wp-block-heading\">web beacon<\/h2>\n\t\t\t\t\t<p>A web beacon (also called a pixel tag) is a small invisible fragment of text or image on a website that is used to monitor traffic on the website. To make this possible, various data is retrieved and stored from you using web beacons. Web beacons are used, for example, when the performance of an advertising campaign is to be measured.<\/p>\n\n\t\t\t\t\t<h2 class=\"wp-block-heading\">Cookies<\/h2>\n\t\t\t\t\t<p>A cookie is a small, simple text file that is sent along with pages of this website and stored by your browser on the hard drive of your computer or other device. The information stored in it can be returned to our servers or to the servers of the relevant third parties on a subsequent visit. In data protection, a distinction is made between three types of cookies. The cookie banner and this cookie policy inform you about which cookies are specifically used on this website.<\/p>\n\t\t\t\t\t\n\t\t\t\t\t<ul class=\"wp-block-list enym-list\">\n\t\t\t\t\t<li><h3 class=\"wp-block-heading\">Technically necessary and functional cookies<\/h3>\n\t\t\t\t\t<p>Some cookies ensure that certain parts of the website function properly and your user preferences are still remembered. By setting functional cookies, we make it easier for you to visit our website. This means you do not have to enter the same information repeatedly when you visit our website, for example items remain in your shopping cart until you have paid. We may place these cookies without your consent.<\/p><\/li>\n\t\t\t\t\t<li><h3 class=\"wp-block-heading\">Analytical cookies<\/h3>\n\t\t\t\t\t<p>We use statistical cookies to optimize the website experience for our users. With these statistics cookies we gain insights into the use of our website. We ask for your permission to set analytical cookies.<\/p><\/li>\n\t\t\t\t\t<li><h3 class=\"wp-block-heading\">Marketing\/tracking cookies<\/h3>\n\t\t\t\t\t<p>Marketing\/tracking cookies are cookies or other form of local storage used to create user profiles, display advertising or track the user within this website or across websites for similar marketing purposes.<\/p><\/li>\n\t\t\t\t\t<\/ul>\n\n\t\t\t\t\t<h2 class=\"wp-block-heading\">approval<\/h2>\n\t\t\t\t\t<p>When you visit our website for the first time, we will show you a cookie banner with an option to consent to cookies. Once you click on &quot;Accept&quot;, you agree that we use the categories of cookies named in the query.<\/p>\n\t\t\t\t\t<p>You have the option to adjust your consent at any time. To do this, simply click on the switch symbol that is displayed at the bottom left of the browser edge on every page.<\/p>\n\t\t\t\t\t<p>You can also generally deactivate the use of cookies via your browser, but please note that this and other websites may then no longer function properly.<\/p>\n\n\t\t\t\t\t<h2 class=\"wp-block-heading\">Deletion of cookies<\/h2>\n\t\t\t\t\t<p>You can use your internet browser to delete cookies automatically or manually. You can also choose not to allow certain cookies to be placed. Another option is to change your internet browser settings so that you receive a message each time a cookie is placed. For more information about these options, see the instructions in your browser&#039;s Help section.<\/p>\n\t\t\t\t\t<p>Please note that our website may not function properly if all cookies are disabled. If you delete the cookies in your browser, they will be placed again with your consent when you visit our websites again.<\/p>\n\t\t\t\t\t\n\t\t\t\t\t<h2>core services<\/h2><h3 class=\"wp-block-heading\">WordPress<\/h3>\n\t\t\t\t\t<p>We use WordPress as the content management system (CMS) for this website. For more information, please see the <a target=\"_blank\" rel=\"noreferrer noopener\" href=\"https:\/\/de.wordpress.org\/about\/privacy\/\">WordPress privacy policy<\/a> read. This data will not be passed on to third parties.<\/p>\n\t\t\t\t\t<p><strong>Functional<\/strong><\/p>\n\t\t\t\t\t<figure class=\"wp-block-table\"><table class=\"has-fixed-layout\"><tbody>\n\t\t\t\t\t<tr><td>Surname<\/td><td>expiration date<\/td><td>function<\/td><\/tr>\n\t\t\t\t\t<tr><td><a href=\"https:\/\/cookiedatabase.org\/cookie\/wordpress\/wordpress_logged_in_\/\" target=\"_blank\" rel=\"noreferrer noopener\">wordpress_logged_in_*<\/a><\/td><td>session<\/td><td>Saves login session<\/td><\/tr>\n\t\t\t\t\t<tr><td><a href=\"https:\/\/cookiedatabase.org\/cookie\/wordpress\/wordpress_test_cookie\/\" target=\"_blank\" rel=\"noreferrer noopener\">wordpress_test_cookie<\/a><\/td><td>session<\/td><td>Checks whether cookies can be set<\/td><\/tr>\n\t\t\t\t\t<tr><td><a href=\"https:\/\/cookiedatabase.org\/cookie\/wordpress\/wordpress_sec_\/\" target=\"_blank\" rel=\"noreferrer noopener\">wordpress_sec_*<\/a><\/td><td>15 days<\/td><td>protection against hackers<\/td><\/tr>\n\t\t\t\t\t<tr><td><a href=\"https:\/\/cookiedatabase.org\/cookie\/wordpress\/wpemojisettingssupports\/\" target=\"_blank\" rel=\"noreferrer noopener\">wpEmojiSettingsSupports<\/a><\/td><td>session<\/td><td>Stores browser details<\/td><\/tr>\n\t\t\t\t\t<tr><td><a href=\"https:\/\/cookiedatabase.org\/cookie\/wordpress\/wp_lang\/\" target=\"_blank\" rel=\"noreferrer noopener\">wp_lang<\/a><\/td><td>session<\/td><td>Saves language version<\/td><\/tr>\n\t\t\t\t\t<tr><td><a href=\"https:\/\/cookiedatabase.org\/cookie\/wordpress\/wp_data_user_1\/\" target=\"_blank\" rel=\"noreferrer noopener\">WP_DATA_USER_1<\/a><\/td><td>session<\/td><td>Saves admin settings<\/td><\/tr>\n\t\t\t\t\t<tr><td><a href=\"https:\/\/cookiedatabase.org\/cookie\/wordpress\/comment_author_email_\/\" target=\"_blank\" rel=\"noreferrer noopener\">comment_author_email_*<\/a><\/td><td>1 year<\/td><td>Saves comment email<\/td><\/tr>\n\t\t\t\t\t<tr><td><a href=\"https:\/\/cookiedatabase.org\/cookie\/wordpress\/comment_author_url_\/\" target=\"_blank\" rel=\"noreferrer noopener\">comment_author_url_*<\/a><\/td><td>1 year<\/td><td>Saves comment URL<\/td><\/tr>\n\t\t\t\t\t<tr><td><a href=\"https:\/\/cookiedatabase.org\/cookie\/wordpress\/comment_author_\/\" target=\"_blank\" rel=\"noreferrer noopener\">comment_author_*<\/a><\/td><td>1 year<\/td><td>Saves comment name<\/td><\/tr>\n\t\t\t\t\t<\/tbody><\/table><\/figure><h3 class=\"wp-block-heading\">Plesk<\/h3>\n\t\t\t\t\t    <p>We use Plesk to administer our server services. For more information, please see the <a href=\"https:\/\/www.plesk.com\/legal\/#privacy-policy\/\" target=\"_blank\" rel=\"noreferrer noopener\">Plesk Privacy Policy<\/a> read.<\/p>\n                        <ul class=\"wp-block-list enym-list\">\n                        <li><a href=\"https:\/\/www.plesk.com\/privacy-policy\">Plesk Privacy Policy<\/a><\/li>\n                        <li><strong>Cookies: <\/strong>No cookies are set.<\/li>\n                        <li><strong>Legal basis: <\/strong>Legitimate interest in the security of the website (Art. 6 para. 1 lit. f GDPR).<\/li>\n                        <\/ul><h3 class=\"wp-block-heading\">Backup (WPVivid)<\/h3>\n                        <p>We use the WPVivid plugin to secure this website. The backups are stored encrypted.<\/p>\n                        <ul class=\"wp-block-list enym-list\">\n                        <li>Data processing: Local<\/a><\/li>\n                        <li>Provider: WPVivid Team<\/li>\n                        <li><a href=\"https:\/\/wpvivid.com\/privacy-policy\">WPVivid Privacy Policy<\/a><\/li>\n                        <li><strong>Cookies: <\/strong>No cookies are set.<\/li>\n                        <li><strong>Legal basis: <\/strong>Legitimate interest in the security of the website (Art. 6 para. 1 lit. f GDPR).<\/li>\n                        <\/ul><h3 class=\"wp-block-heading\">Applicant services<\/h3>\n                        <p>You can send us an application (e.g., by post, online application form, or email). The personal data you provide will be stored and processed by us for the application process. <\/p>\n                        <p>The legal basis for processing is Article 6(1)(b) GDPR and Article 6(1)(a) GDPR, provided consent has been given. You can withdraw your consent at any time. The lawfulness of the processing carried out before the withdrawal remains unaffected.<\/p>\n                        <p>If your application leads to employment, the data collected will be stored for the purpose of processing your employment, based on Article 6(1)(b) GDPR. If no employment relationship is established, the data will be stored, based on Article 6(1)(f) GDPR, for the duration of any legal claims, in particular those arising from discrimination during the application process. This is necessary for defending against any potential legal action or allegations. If you have given your consent, the data will be stored for a longer period, based on Article 6(1)(a) GDPR. You can withdraw your consent at any time. The lawfulness of the processing carried out before the withdrawal remains unaffected.<\/p>\n                        <p>If no employment relationship is established, the applicant can be added to our applicant pool. All application details will be stored so that we can contact the applicant when suitable job openings arise.<\/p>\n                        <p>Data in the applicant pool is stored exclusively with your consent, based on Article 6, Paragraph 1, Letter a of the GDPR. You can withdraw this consent at any time, after which the corresponding data will be deleted, unless there are legal grounds for retention. Deletion occurs automatically no later than two years after consent is given. The lawfulness of the processing carried out before the withdrawal remains unaffected.<\/p><h3 class=\"wp-block-heading\">Microsoft Teams &amp; Bookings<\/h3>\n                        <p>We use the Microsoft Bookings service on our website. The service provider is Microsoft Ireland Operations Limited, One Microsoft Place, South County Business Park, Leopardstown, Dublin 18, D18 P521, Ireland.<\/p>\n                        <p>Using this service may result in data being transferred to a third country (USA). The provider is certified under the EU-US Data Privacy Framework and therefore offers an adequate level of data protection.<\/p>\n                        <p>Further information can be found in the provider&#039;s privacy policy at the following URL: https:\/\/privacy.microsoft.com\/de-de\/privacystatement.<\/p><h2>tracking<\/h2><h3 class=\"wp-block-heading\">Consent Manager<\/h3>\n\t\t\t\t\t<p>We use SEOPress as our cookie compliance management system. For more information, please see the <a target=\"_blank\" rel=\"noreferrer noopener\" href=\"https:\/\/www.seopress.org\/privacy-policy\/\">SEOPress Privacy Policy<\/a> read.<\/p>\n\t\t\t\t\t<p><strong>Functional<\/strong><\/p>\n\t\t\t\t\t<figure class=\"wp-block-table\"><table class=\"has-fixed-layout\"><tbody>\n\t\t\t\t\t<tr><td>Surname<\/td><td>expiration date<\/td><td>function<\/td><\/tr>\n\t\t\t\t\t<tr><td><a href=\"https:\/\/cookiedatabase.org\/cookie\/wordpress\/seopress-user-consent-accept\/\" target=\"_blank\" rel=\"noreferrer noopener\">seopress-user-consent-accept<\/a><\/td><td>14 days<\/td><td>Saves cookie preference<\/td><\/tr>\n                    <tr><td><a href=\"https:\/\/cookiedatabase.org\/cookie\/wordpress\/seopress-user-consent-accept\/\" target=\"_blank\" rel=\"noreferrer noopener\">SEOPress user consent close<\/a><\/td><td>14 days<\/td><td>Saves cookie preference<\/td><\/tr>\n\t\t\t\t\t<\/tbody><\/table><\/figure><h3 class=\"wp-block-heading\">Matomo<\/h3>\n\t\t\t\t\t<p>We use Matomo for anonymous visitor tracking. For more information, please see the [link to privacy policy]. <a target=\"_blank\" rel=\"noreferrer noopener\" href=\"https:\/\/matomo.org\/privacy-policy\/\">Matomo privacy policy<\/a> read.<\/p>\n\t\t\t\t\t<p><strong>Marketing\/Tracking<\/strong><\/p>\n\t\t\t\t\t<figure class=\"wp-block-table\"><table class=\"has-fixed-layout\"><tbody>\n\t\t\t\t\t<tr><td>Surname<\/td><td>expiration date<\/td><td>function<\/td><\/tr>\n\t\t\t\t\t<tr><td><a href=\"https:\/\/cookiedatabase.org\/cookie\/matomo\/_pk_ses\/\" target=\"_blank\" rel=\"noreferrer noopener\">_pk_ses*<\/a><\/td><td>30 minutes<\/td><td>visitor behavior<\/td><\/tr>\n\t\t\t\t\t<tr><td><a href=\"https:\/\/cookiedatabase.org\/cookie\/matomo\/_pk_id\/\" target=\"_blank\" rel=\"noreferrer noopener\">_pk_id*<\/a><\/td><td>13 months<\/td><td>Anonymous visitor ID<\/td><\/tr>\n                    <tr><td><a href=\"https:\/\/cookiedatabase.org\/cookie\/matomo\/mtm_consent\/\" target=\"_blank\" rel=\"noreferrer noopener\">mtm_consent<\/a><\/td><td>6 months<\/td><td>Stores tracking consent<\/td><\/tr>\n                    <tr><td><a href=\"https:\/\/cookiedatabase.org\/cookie\/matomo\/mtm_consent_removed\/\" target=\"_blank\" rel=\"noreferrer noopener\">mtm_consent_removed<\/a><\/td><td>6 months<\/td><td>Stores tracking consent<\/td><\/tr>\n                    \n                    \n\t\t\t\t\t<\/tbody><\/table><\/figure><h3 class=\"wp-block-heading\">Google: AdSense<\/h3>\n\t\t\t\t\t<p>This website integrates Google AdSense. Google AdSense is an online service that facilitates the placement of advertisements on third-party websites. Google AdSense uses an algorithm to select advertisements displayed on third-party websites based on the content of those websites. Google AdSense allows for interest-based targeting of internet users, which is implemented by generating individual user profiles.<\/p>\n\t\t\t\t\t<p>The purpose of the Google AdSense component is to integrate advertisements on our website. Google AdSense places a cookie on the data subject&#039;s information technology system. Cookies were explained above. By setting this cookie, Alphabet Inc. is enabled to analyze the use of our website.<\/p>\n\t\t\t\t\t<ul class=\"wp-block-list enym-list\">\n\t\t\t\t\t<li>Provider: Alphabet Inc., 1600 Amphitheatre Pkwy, Mountain View, CA 94043-1351, USA.<\/li>\t\t\t\t\n\t\t\t\t\t<li><a href=\"https:\/\/www.google.de\/intl\/de\/adsense\/start\/\">AdSense Privacy Policy<\/a><\/li>\n\t\t\t\t\t<\/ul>\n                    <figure class=\"wp-block-table\"><table class=\"has-fixed-layout\"><tbody>\n\t\t\t\t\t<tr><td>Surname<\/td><td>expiration date<\/td><td>function<\/td><\/tr>\n\t\t\t\t\t<tr><td><a href=\"https:\/\/cookiedatabase.org\/cookie\/google-adsense\/google_adsense_settings\/\" target=\"_blank\" rel=\"noreferrer noopener\">google_adsense_settings<\/a><\/td><td>Persistent<\/td><td>marketing<\/td><\/tr>\n\t\t\t\t\t<\/tbody><\/table><\/figure><h3 class=\"wp-block-heading\">Meta Pixel<\/h3>\n\t\t\t\t\t<p>We use the Meta Pixel for conversion tracking.<\/p>\n                    <figure class=\"wp-block-table\"><table class=\"has-fixed-layout\"><tbody>\n\t\t\t\t\t<tr><td>Surname<\/td><td>expiration date<\/td><td>function<\/td><\/tr>\n\t\t\t\t\t<tr><td><a href=\"https:\/\/cookiedatabase.org\/cookie\/facebook\/_fbp\/\" target=\"_blank\" rel=\"noreferrer noopener\">_fbp<\/a><\/td><td>3 Months<\/td><td>marketing<\/td><\/tr>\n\t\t\t\t\t<\/tbody><\/table><\/figure><h2>plugins<\/h2><h3 class=\"wp-block-heading\">Newsletter (Mailster)<\/h3>\n                    <p>We use Mailster to send our newsletters.<\/p><h3 class=\"wp-block-heading\">Spam protection (hCaptcha)<\/h3>\n\t\t\t\t\t<p>We use the hCaptcha service on our website. The service provider is Intuition Machines, Inc., 350 Alabama St, San Francisco, CA 94110, USA. Using this service may result in data being transferred to a third country (USA). The provider is certified under the EU-US Data Privacy Framework and therefore offers an adequate level of data protection. Further information can be found in the provider&#039;s privacy policy at the following URL: https:\/\/www.hcaptcha.com\/privacy. The service uses the following cookies on our website:<\/p>\n                    <p><strong>Functional<\/strong><\/p>\n                    <figure class=\"wp-block-table\"><table class=\"has-fixed-layout\"><tbody>\n\t\t\t\t\t<tr><td>Surname<\/td><td>expiration date<\/td><td>function<\/td><\/tr>\n\t\t\t\t\t<tr><td><a href=\"https:\/\/www.hcaptcha.com\/privacy\" target=\"_blank\" rel=\"noreferrer noopener\">__cfduid<\/a><\/td><td>30 minutes<\/td><td>Used to distinguish between humans and bots.<\/td><\/tr>\n                    <tr><td><a href=\"https:\/\/www.hcaptcha.com\/privacy\" target=\"_blank\" rel=\"noreferrer noopener\">__cflb<\/a><\/td><td>30 days<\/td><td>Used to distinguish between humans and bots.<\/td><\/tr>\n                    <tr><td><a href=\"https:\/\/www.hcaptcha.com\/privacy\" target=\"_blank\" rel=\"noreferrer noopener\">hc_accessibility<\/a><\/td><td>1 day<\/td><td>Accessible<\/td><\/tr>\n                    <tr><td><a href=\"https:\/\/www.hcaptcha.com\/privacy\" target=\"_blank\" rel=\"noreferrer noopener\">__cf_bm<\/a><\/td><td>30 days<\/td><td>Security features<\/td><\/tr>\n\t\t\t\t\t<\/tbody><\/table><\/figure><h2>social media<\/h2><div class=\"enym-abstract last-update\"><strong>This data record was last checked on: November 12, 2024<\/strong><\/div>","protected":false},"excerpt":{"rendered":"F\u00fcr Fragen oder Kommentaren zu unserer Cookie-Richtlinie und dieser Erkl\u00e4rung kontaktieren Sie die gem. Art. 4 Abs. 7 EU-Datenschutz-Grundverordnung (DS-GVO) verantwortliche Instanz bitte \u00fcber die Kontaktdaten in unserem Impressum. Diese Cookie-Richtlinie gilt f\u00fcr B\u00fcrger und Personen mit st\u00e4ndigem Wohnsitz im Europ\u00e4ischen Wirtschaftsraum und der Schweiz. Um aktuelle Funktionsweisen zu erhalten, wurde diese Cookie-Richtlinie mit der&hellip;","protected":false},"author":1,"featured_media":210,"parent":0,"menu_order":0,"comment_status":"closed","ping_status":"closed","template":"","meta":{"_seopress_robots_primary_cat":"","_seopress_titles_title":"","_seopress_titles_desc":"","_seopress_robots_index":"","footnotes":""},"class_list":["post-1433","page","type-page","status-publish","has-post-thumbnail","hentry","entry","has-media"],"_links":{"self":[{"href":"https:\/\/www.ta-roloff.com\/en\/wp-json\/wp\/v2\/pages\/1433","targetHints":{"allow":["GET"]}}],"collection":[{"href":"https:\/\/www.ta-roloff.com\/en\/wp-json\/wp\/v2\/pages"}],"about":[{"href":"https:\/\/www.ta-roloff.com\/en\/wp-json\/wp\/v2\/types\/page"}],"author":[{"embeddable":true,"href":"https:\/\/www.ta-roloff.com\/en\/wp-json\/wp\/v2\/users\/1"}],"replies":[{"embeddable":true,"href":"https:\/\/www.ta-roloff.com\/en\/wp-json\/wp\/v2\/comments?post=1433"}],"version-history":[{"count":4,"href":"https:\/\/www.ta-roloff.com\/en\/wp-json\/wp\/v2\/pages\/1433\/revisions"}],"predecessor-version":[{"id":9010,"href":"https:\/\/www.ta-roloff.com\/en\/wp-json\/wp\/v2\/pages\/1433\/revisions\/9010"}],"wp:featuredmedia":[{"embeddable":true,"href":"https:\/\/www.ta-roloff.com\/en\/wp-json\/wp\/v2\/media\/210"}],"wp:attachment":[{"href":"https:\/\/www.ta-roloff.com\/en\/wp-json\/wp\/v2\/media?parent=1433"}],"curies":[{"name":"wp","href":"https:\/\/api.w.org\/{rel}","templated":true}]}}